{"id":446,"date":"2024-12-03T00:34:00","date_gmt":"2024-12-03T00:34:00","guid":{"rendered":"https:\/\/semillaholistica.com\/nosotros\/"},"modified":"2025-11-18T17:22:58","modified_gmt":"2025-11-18T17:22:58","slug":"nosotros","status":"publish","type":"page","link":"https:\/\/semillaholistica.com\/ca\/nosotros\/","title":{"rendered":"Nosaltres"},"content":{"rendered":"\n<h1 class=\"wp-block-heading has-text-align-center\">El nostre equip<\/h1>\n\n\n\n<div class=\"wp-block-cover is-light\" style=\"padding-right:var(--wp--preset--spacing--70);padding-left:var(--wp--preset--spacing--70)\"><img loading=\"lazy\" decoding=\"async\" width=\"1200\" height=\"822\" class=\"wp-block-cover__image-background wp-image-4008 size-full\" alt=\"\" src=\"https:\/\/semillaholistica.com\/wp-content\/uploads\/2025\/10\/papel-acuarela-fondo-web70.png\" data-object-fit=\"cover\" srcset=\"https:\/\/semillaholistica.com\/wp-content\/uploads\/2025\/10\/papel-acuarela-fondo-web70.png 1200w, https:\/\/semillaholistica.com\/wp-content\/uploads\/2025\/10\/papel-acuarela-fondo-web70-300x206.png 300w\" sizes=\"auto, (max-width: 1200px) 100vw, 1200px\" \/><span aria-hidden=\"true\" class=\"wp-block-cover__background has-white-background-color has-background-dim-30 has-background-dim\"><\/span><div class=\"wp-block-cover__inner-container is-layout-flow wp-block-cover-is-layout-flow\">\n<div class=\"wp-block-media-text is-stacked-on-mobile medios-lino\" style=\"padding-top:var(--wp--preset--spacing--70);padding-right:0;padding-bottom:var(--wp--preset--spacing--70);padding-left:var(--wp--preset--spacing--80);grid-template-columns:35% auto\"><figure class=\"wp-block-media-text__media\"><img loading=\"lazy\" decoding=\"async\" width=\"789\" height=\"1024\" src=\"https:\/\/semillaholistica.com\/wp-content\/uploads\/2025\/10\/RAB_8141-789x1024.jpg\" alt=\"\" class=\"wp-image-4002 size-full\" srcset=\"https:\/\/semillaholistica.com\/wp-content\/uploads\/2025\/10\/RAB_8141-789x1024.jpg 789w, https:\/\/semillaholistica.com\/wp-content\/uploads\/2025\/10\/RAB_8141-231x300.jpg 231w, https:\/\/semillaholistica.com\/wp-content\/uploads\/2025\/10\/RAB_8141-768x997.jpg 768w, https:\/\/semillaholistica.com\/wp-content\/uploads\/2025\/10\/RAB_8141-1183x1536.jpg 1183w, https:\/\/semillaholistica.com\/wp-content\/uploads\/2025\/10\/RAB_8141-1578x2048.jpg 1578w, https:\/\/semillaholistica.com\/wp-content\/uploads\/2025\/10\/RAB_8141-600x779.jpg 600w, https:\/\/semillaholistica.com\/wp-content\/uploads\/2025\/10\/RAB_8141.jpg 1963w\" sizes=\"auto, (max-width: 789px) 100vw, 789px\" \/><\/figure><div class=\"wp-block-media-text__content\">\n<h1 class=\"wp-block-heading\">Irene Carbonell<\/h1>\n\n\n\n<p><em>Llicenciada en Bellas Arts.<\/em><\/p>\n\n\n\n<p><em>Es va formar com  a professora de Hatha Sivananda (Yoga tradicional) al 2013, amb els anys ha ampliat la seva formaci\u00f3 en Yoga Prenatal, Yoga Oncol\u00f2gic i diferents m\u00e8todes de pratyahara (interioritzaci\u00f3), dharana (concentraci\u00f3) cap al cultiu de dhyana (actitud meditativa). Va complementar aquesta formaci\u00f3 y\u00f2guica amb el M\u00e0ster en Relaxaci\u00f3, Meditaci\u00f3 i Mindfulness (REMIND) a la Universidad de Barcelona (2018).<\/em><\/p>\n\n\n\n<p><em>Actualment compagina la direcci\u00f3 de Semilla Hol\u00edstica, les classes i tallers que all\u00e0 imparteix amb la  doc\u00e8ncia de MindfulYoga en l\u00b4\u00e0mbit acad\u00e8mic a la UB, amb un enfoc que uneix la conci\u00e8ncia corporal, la regulaci\u00f3 emocional i la atenci\u00f3 plena.<\/em><\/p>\n<\/div><\/div>\n<\/div><\/div>\n\n\n\n<div class=\"wp-block-cover is-light\" style=\"padding-right:var(--wp--preset--spacing--70);padding-left:var(--wp--preset--spacing--70)\"><img loading=\"lazy\" decoding=\"async\" width=\"1200\" height=\"822\" class=\"wp-block-cover__image-background wp-image-4008 size-full\" alt=\"\" src=\"https:\/\/semillaholistica.com\/wp-content\/uploads\/2025\/10\/papel-acuarela-fondo-web70.png\" data-object-fit=\"cover\" srcset=\"https:\/\/semillaholistica.com\/wp-content\/uploads\/2025\/10\/papel-acuarela-fondo-web70.png 1200w, https:\/\/semillaholistica.com\/wp-content\/uploads\/2025\/10\/papel-acuarela-fondo-web70-300x206.png 300w\" sizes=\"auto, (max-width: 1200px) 100vw, 1200px\" \/><span aria-hidden=\"true\" class=\"wp-block-cover__background has-white-background-color has-background-dim-30 has-background-dim\"><\/span><div class=\"wp-block-cover__inner-container is-layout-flow wp-block-cover-is-layout-flow\">\n<div class=\"wp-block-media-text has-media-on-the-right is-stacked-on-mobile medios-lino\" style=\"padding-top:var(--wp--preset--spacing--70);padding-right:0;padding-bottom:var(--wp--preset--spacing--70);padding-left:var(--wp--preset--spacing--80);grid-template-columns:auto 35%\"><div class=\"wp-block-media-text__content\">\n<h1 class=\"wp-block-heading\">Rochelle Mello<\/h1>\n\n\n\n<p><em>Arquitecta&nbsp;de formaci\u00f3 inicial, va tenir el seu primer contacte amb el Yoga al 2005 i desde el 2014 es dedica a la ensenyan\u00e7a d\u00b4aquesta disciplina.&nbsp;<\/em><\/p>\n\n\n\n<p><em>Como eterna alumna segueix rebent classes y tallers i desde el 2020 apren del llinatje Iyengar.&nbsp;<\/em><\/p>\n\n\n\n<p><em>A les seves classes enfoca el traball del cos i de la ment a trav\u00e9s de les assanes. A les pr\u00e0ctiques dedica temps de perman\u00e8ncia a cada postura, procurant  entendre-la, ajustar-la, respirar-la, sentir-la i experimentar-la.<\/em><\/p>\n<\/div><figure class=\"wp-block-media-text__media\"><img loading=\"lazy\" decoding=\"async\" width=\"662\" height=\"1024\" src=\"https:\/\/semillaholistica.com\/wp-content\/uploads\/2025\/10\/1000467794-1-662x1024.jpg\" alt=\"\" class=\"wp-image-4523 size-full\" srcset=\"https:\/\/semillaholistica.com\/wp-content\/uploads\/2025\/10\/1000467794-1-662x1024.jpg 662w, https:\/\/semillaholistica.com\/wp-content\/uploads\/2025\/10\/1000467794-1-194x300.jpg 194w, https:\/\/semillaholistica.com\/wp-content\/uploads\/2025\/10\/1000467794-1-768x1188.jpg 768w, https:\/\/semillaholistica.com\/wp-content\/uploads\/2025\/10\/1000467794-1-993x1536.jpg 993w, https:\/\/semillaholistica.com\/wp-content\/uploads\/2025\/10\/1000467794-1-600x928.jpg 600w, https:\/\/semillaholistica.com\/wp-content\/uploads\/2025\/10\/1000467794-1.jpg 1226w\" sizes=\"auto, (max-width: 662px) 100vw, 662px\" \/><\/figure><\/div>\n<\/div><\/div>\n\n\n\n<div class=\"wp-block-cover is-light\" style=\"padding-right:var(--wp--preset--spacing--70);padding-left:var(--wp--preset--spacing--70)\"><img loading=\"lazy\" decoding=\"async\" width=\"1200\" height=\"822\" class=\"wp-block-cover__image-background wp-image-4008 size-full\" alt=\"\" src=\"https:\/\/semillaholistica.com\/wp-content\/uploads\/2025\/10\/papel-acuarela-fondo-web70.png\" data-object-fit=\"cover\" srcset=\"https:\/\/semillaholistica.com\/wp-content\/uploads\/2025\/10\/papel-acuarela-fondo-web70.png 1200w, https:\/\/semillaholistica.com\/wp-content\/uploads\/2025\/10\/papel-acuarela-fondo-web70-300x206.png 300w\" sizes=\"auto, (max-width: 1200px) 100vw, 1200px\" \/><span aria-hidden=\"true\" class=\"wp-block-cover__background has-white-background-color has-background-dim-30 has-background-dim\"><\/span><div class=\"wp-block-cover__inner-container is-layout-flow wp-block-cover-is-layout-flow\">\n<div class=\"wp-block-media-text is-stacked-on-mobile medios-lino\" style=\"padding-top:var(--wp--preset--spacing--70);padding-right:0;padding-bottom:var(--wp--preset--spacing--70);padding-left:var(--wp--preset--spacing--80);grid-template-columns:35% auto\"><figure class=\"wp-block-media-text__media\"><img loading=\"lazy\" decoding=\"async\" width=\"713\" height=\"892\" src=\"https:\/\/semillaholistica.com\/wp-content\/uploads\/2025\/10\/1000467746.jpg\" alt=\"\" class=\"wp-image-4255 size-full\" srcset=\"https:\/\/semillaholistica.com\/wp-content\/uploads\/2025\/10\/1000467746.jpg 713w, https:\/\/semillaholistica.com\/wp-content\/uploads\/2025\/10\/1000467746-240x300.jpg 240w, https:\/\/semillaholistica.com\/wp-content\/uploads\/2025\/10\/1000467746-600x751.jpg 600w\" sizes=\"auto, (max-width: 713px) 100vw, 713px\" \/><\/figure><div class=\"wp-block-media-text__content\">\n<h1 class=\"wp-block-heading\">Javier Salinas<\/h1>\n\n\n\n<p><em>Escritor, editor y professor de yoga estilos Dharma, Hatha, Vinyasa y Hot Yoga.&nbsp;<\/em><\/p>\n\n\n\n<p><em>A trav\u00e9s del Yoga, la meditaci\u00f3 i el Mindfulness ha trobat un cam\u00ed d\u00b4aprenentatje continu que comparteix amb els seus alumn@s i lector@s<\/em><\/p>\n\n\n\n<p><em>Li agrada recordar una frase de un dels seus mestres: &#8220;Al Yoga tothom som principiants i el dia que se t\u00b4oblida i et creus un mestre, aquest \u00e9s el dia en el que et caus.&#8221;<\/em><\/p>\n<\/div><\/div>\n<\/div><\/div>\n\n\n\n<div class=\"wp-block-cover is-light\" style=\"padding-right:var(--wp--preset--spacing--70);padding-left:var(--wp--preset--spacing--70)\"><img loading=\"lazy\" decoding=\"async\" width=\"1200\" height=\"822\" class=\"wp-block-cover__image-background wp-image-4008 size-full\" alt=\"\" src=\"https:\/\/semillaholistica.com\/wp-content\/uploads\/2025\/10\/papel-acuarela-fondo-web70.png\" data-object-fit=\"cover\" srcset=\"https:\/\/semillaholistica.com\/wp-content\/uploads\/2025\/10\/papel-acuarela-fondo-web70.png 1200w, https:\/\/semillaholistica.com\/wp-content\/uploads\/2025\/10\/papel-acuarela-fondo-web70-300x206.png 300w\" sizes=\"auto, (max-width: 1200px) 100vw, 1200px\" \/><span aria-hidden=\"true\" class=\"wp-block-cover__background has-white-background-color has-background-dim-30 has-background-dim\"><\/span><div class=\"wp-block-cover__inner-container is-layout-flow wp-block-cover-is-layout-flow\">\n<div class=\"wp-block-media-text has-media-on-the-right is-stacked-on-mobile medios-lino\" style=\"padding-top:var(--wp--preset--spacing--70);padding-right:0;padding-bottom:var(--wp--preset--spacing--70);padding-left:var(--wp--preset--spacing--80);grid-template-columns:auto 32%\"><div class=\"wp-block-media-text__content\">\n<h1 class=\"wp-block-heading\">Natalia Rodr\u00edguez<\/h1>\n\n\n\n<p><em>El seu cam\u00ed y\u00f2guic va comen\u00e7ar amb els seus avis, que van viure a India i li van transmetre desde nena la seva experi\u00e8ncia. Despr\u00e9s van arribar les innumerables hores de pr\u00e0ctica i el seu inter\u00e8s i amor per l\u00b4Ayurveda.  <\/em><\/p>\n\n\n\n<p><em>Posteriorment es va formar com a professora de Vinyasa y Yin Yoga, aix\u00ed com en astrologia v\u00e8dica i vastu shastra. <\/em><\/p>\n\n\n\n<p><em>Es defineix com una \u00e0nima curiiosa. <\/em><\/p>\n<\/div><figure class=\"wp-block-media-text__media\"><img loading=\"lazy\" decoding=\"async\" width=\"641\" height=\"886\" src=\"https:\/\/semillaholistica.com\/wp-content\/uploads\/2025\/09\/natalia-web.jpg\" alt=\"\" class=\"wp-image-2262 size-full\" srcset=\"https:\/\/semillaholistica.com\/wp-content\/uploads\/2025\/09\/natalia-web.jpg 641w, https:\/\/semillaholistica.com\/wp-content\/uploads\/2025\/09\/natalia-web-217x300.jpg 217w, https:\/\/semillaholistica.com\/wp-content\/uploads\/2025\/09\/natalia-web-600x829.jpg 600w\" sizes=\"auto, (max-width: 641px) 100vw, 641px\" \/><\/figure><\/div>\n<\/div><\/div>\n\n\n\n<div class=\"wp-block-cover is-light\" style=\"padding-right:var(--wp--preset--spacing--70);padding-left:var(--wp--preset--spacing--70)\"><img loading=\"lazy\" decoding=\"async\" width=\"1200\" height=\"822\" class=\"wp-block-cover__image-background wp-image-4008 size-full\" alt=\"\" src=\"https:\/\/semillaholistica.com\/wp-content\/uploads\/2025\/10\/papel-acuarela-fondo-web70.png\" data-object-fit=\"cover\" srcset=\"https:\/\/semillaholistica.com\/wp-content\/uploads\/2025\/10\/papel-acuarela-fondo-web70.png 1200w, https:\/\/semillaholistica.com\/wp-content\/uploads\/2025\/10\/papel-acuarela-fondo-web70-300x206.png 300w\" sizes=\"auto, (max-width: 1200px) 100vw, 1200px\" \/><span aria-hidden=\"true\" class=\"wp-block-cover__background has-white-background-color has-background-dim-30 has-background-dim\"><\/span><div class=\"wp-block-cover__inner-container is-layout-flow wp-block-cover-is-layout-flow\">\n<div class=\"wp-block-media-text is-stacked-on-mobile medios-lino\" style=\"padding-top:var(--wp--preset--spacing--70);padding-right:0;padding-bottom:var(--wp--preset--spacing--70);padding-left:var(--wp--preset--spacing--80);grid-template-columns:35% auto\"><figure class=\"wp-block-media-text__media\"><img loading=\"lazy\" decoding=\"async\" width=\"818\" height=\"1024\" src=\"https:\/\/semillaholistica.com\/wp-content\/uploads\/2025\/10\/1000467793-1-818x1024.jpg\" alt=\"\" class=\"wp-image-4526 size-full\" srcset=\"https:\/\/semillaholistica.com\/wp-content\/uploads\/2025\/10\/1000467793-1-818x1024.jpg 818w, https:\/\/semillaholistica.com\/wp-content\/uploads\/2025\/10\/1000467793-1-240x300.jpg 240w, https:\/\/semillaholistica.com\/wp-content\/uploads\/2025\/10\/1000467793-1-768x961.jpg 768w, https:\/\/semillaholistica.com\/wp-content\/uploads\/2025\/10\/1000467793-1-600x751.jpg 600w, https:\/\/semillaholistica.com\/wp-content\/uploads\/2025\/10\/1000467793-1.jpg 1005w\" sizes=\"auto, (max-width: 818px) 100vw, 818px\" \/><\/figure><div class=\"wp-block-media-text__content\">\n<h1 class=\"wp-block-heading\">Alessia Laudoni<\/h1>\n\n\n\n<p><em>Es va apropar al Yoga desde el m\u00f3n de la fotografia, on va apendre a observar desde el cor i a sentir el que succeeix m\u00e9s enll\u00e0 de les formes externes.<\/em><\/p>\n\n\n\n<p><em>En sus clases de&nbsp;Yin Yoga, propone una pausa real: un espacio donde quedarse, soltar, sentir y ser.&nbsp;<\/em><\/p>\n\n\n\n<p><em>A trav\u00e9s del sil.lenci i la quietud, convida a explorar el subtil amb curiositat i suavitat, permetent que el cos i la energia s\u00b4expressin sense for\u00e7ar.<\/em><\/p>\n\n\n\n<p><em>Formada en el&nbsp;llinatje del Himalaya, amb estudis en&nbsp;Tantric Hatha Yoga,&nbsp;Yoga Nidra&nbsp;y&nbsp;Somatic Competence Yoga, comparteix el yoga com un cam\u00ed de reconexi\u00f3 amb la energia vital, la escolta interna i el descans que nodreix<\/em>.<\/p>\n<\/div><\/div>\n<\/div><\/div>\n\n\n\n<div class=\"wp-block-cover aligncenter is-light\" style=\"padding-top:var(--wp--preset--spacing--70);padding-bottom:var(--wp--preset--spacing--50);box-shadow:none;min-height:50px;aspect-ratio:unset;\"><img loading=\"lazy\" decoding=\"async\" width=\"1200\" height=\"822\" class=\"wp-block-cover__image-background wp-image-4008 size-full\" alt=\"\" src=\"https:\/\/semillaholistica.com\/wp-content\/uploads\/2025\/10\/papel-acuarela-fondo-web70.png\" data-object-fit=\"cover\" srcset=\"https:\/\/semillaholistica.com\/wp-content\/uploads\/2025\/10\/papel-acuarela-fondo-web70.png 1200w, https:\/\/semillaholistica.com\/wp-content\/uploads\/2025\/10\/papel-acuarela-fondo-web70-300x206.png 300w\" sizes=\"auto, (max-width: 1200px) 100vw, 1200px\" \/><span aria-hidden=\"true\" class=\"wp-block-cover__background has-white-background-color has-background-dim-30 has-background-dim\"><\/span><div class=\"wp-block-cover__inner-container is-layout-constrained wp-block-cover-is-layout-constrained\">\n<div class=\"wp-block-columns is-layout-flex wp-container-core-columns-is-layout-9d6595d7 wp-block-columns-is-layout-flex\">\n<div class=\"wp-block-column is-layout-flow wp-block-column-is-layout-flow\">\n<h2 class=\"wp-block-heading has-green-700-color has-text-color has-link-color wp-elements-34e0b8dba11ddb8924bd2392231fae8f\">Descubreix les nostres classes<\/h2>\n<\/div>\n\n\n\n<div class=\"wp-block-column is-layout-flow wp-block-column-is-layout-flow\">\n<p><em>Submergeix-te en la pau interior amb les nostres classes de yoga i MindfulYoga, dissenyades per equilibrar el teu cos i la teva ment. Viu l\u2019experi\u00e8ncia transformadora avui mateix!<\/em><\/p>\n<\/div>\n\n\n\n<div class=\"wp-block-column is-layout-flow wp-block-column-is-layout-flow\">\n<a href=\"https:\/\/tuenlace.com\" class=\"boton-personalizado\" target=\"_blank\" rel=\"noopener\">Descubreix les nostres Classes<\/a>\n<\/div>\n<\/div>\n<\/div><\/div>\n\n\n<section class=\"maps_2_1 background-1-light\" id=\"maps-2-1\" data-block-id=\"6a051d75566876a051d7556688\">\r\n\r\n                        <iframe src=\"https:\/\/www.google.com\/maps\/embed?pb=!1m18!1m12!1m3!1d5984.979570214074!2d2.135485775075023!3d41.406885471297365!2m3!1f0!2f0!3f0!3m2!1i1024!2i768!4f13.1!3m3!1m2!1s0x12a4980e84492de3%3A0x114af55068fd057d!2sSemilla%20Hol%C3%ADstica!5e0!3m2!1ses!2ses!4v1763486467135!5m2!1ses!2ses\" width=\"600\" height=\"450\" style=\"border:0;\" allowfullscreen=\"\" loading=\"lazy\" referrerpolicy=\"no-referrer-when-downgrade\"><\/iframe>            <\/section>\r\n<style>\r\n    .maps_2_1 iframe {\r\n        width: 100%;\r\n        height: 490px;\r\n    }\r\n\r\n    .maps_2_1 {\r\n        padding: 81px 0;\r\n        position: relative;\r\n        z-index: 1;\r\n    }\r\n\r\n    @media (max-width:992px) {\r\n        .maps_2_1 iframe {\r\n            height: 350px;\r\n        }\r\n\r\n        .maps_2_1 {\r\n            padding: 40px 0;\r\n        }\r\n    }\r\n\r\n    .maps_2_1 img.capture {\r\n        width: 100%;\r\n    }\r\n\r\n    .maps_2_1 #maps_2_1 {\r\n        width: 100%;\r\n        height: 490px;\r\n    }\r\n\r\n    .maps_2_1 #maps_2_1 .leaflet-popup-content {\r\n\r\n        font-size: var(--tamano7-font-size);\r\n        font-weight: var(--tamano7-font-weight);\r\n        line-height: var(--tamano7-line-height);\r\n        letter-spacing: var(--tamano7-letter-spacing);\r\n        font-family: var(--tamano7-font-family);\r\n    }\r\n<\/style>\r\n","protected":false},"excerpt":{"rendered":"<p>El nostre equip<\/p>\n","protected":false},"author":2,"featured_media":4003,"parent":0,"menu_order":0,"comment_status":"open","ping_status":"closed","template":"","meta":{"_acf_changed":false,"iawp_total_views":19,"footnotes":""},"class_list":["post-446","page","type-page","status-publish","has-post-thumbnail","hentry"],"acf":[],"yoast_head":"<!-- This site is optimized with the Yoast SEO plugin v27.6 - https:\/\/yoast.com\/product\/yoast-seo-wordpress\/ -->\n<title>nuestro equipo docente, Semilla Hol\u00edstica<\/title>\n<meta name=\"description\" content=\"Descubre a nuestros profesionales del yoga y mindfulness en Semilla Hol\u00edstica. Clases transformadoras para equilibrar cuerpo y mente.\" \/>\n<meta name=\"robots\" content=\"index, follow, max-snippet:-1, max-image-preview:large, max-video-preview:-1\" \/>\n<link rel=\"canonical\" href=\"https:\/\/semillaholistica.com\/ca\/nosotros\/\" \/>\n<meta property=\"og:locale\" content=\"ca_ES\" \/>\n<meta property=\"og:type\" content=\"article\" \/>\n<meta property=\"og:title\" content=\"nuestro equipo docente, Semilla Hol\u00edstica\" \/>\n<meta property=\"og:description\" content=\"Descubre a nuestros profesionales del yoga y mindfulness en Semilla Hol\u00edstica. Clases transformadoras para equilibrar cuerpo y mente.\" \/>\n<meta property=\"og:url\" content=\"https:\/\/semillaholistica.com\/ca\/nosotros\/\" \/>\n<meta property=\"og:site_name\" content=\"Semilla Hol\u00edstica\" \/>\n<meta property=\"article:modified_time\" content=\"2025-11-18T17:22:58+00:00\" \/>\n<meta property=\"og:image\" content=\"https:\/\/semillaholistica.com\/wp-content\/uploads\/2025\/10\/RAB_8141.jpg\" \/>\n\t<meta property=\"og:image:width\" content=\"1963\" \/>\n\t<meta property=\"og:image:height\" content=\"2548\" \/>\n\t<meta property=\"og:image:type\" content=\"image\/jpeg\" \/>\n<meta name=\"twitter:card\" content=\"summary_large_image\" \/>\n<meta name=\"twitter:label1\" content=\"Temps estimat de lectura\" \/>\n\t<meta name=\"twitter:data1\" content=\"5 minuts\" \/>\n<!-- \/ Yoast SEO plugin. -->","yoast_head_json":{"title":"nuestro equipo docente, Semilla Hol\u00edstica","description":"Descubre a nuestros profesionales del yoga y mindfulness en Semilla Hol\u00edstica. Clases transformadoras para equilibrar cuerpo y mente.","robots":{"index":"index","follow":"follow","max-snippet":"max-snippet:-1","max-image-preview":"max-image-preview:large","max-video-preview":"max-video-preview:-1"},"canonical":"https:\/\/semillaholistica.com\/ca\/nosotros\/","og_locale":"ca_ES","og_type":"article","og_title":"nuestro equipo docente, Semilla Hol\u00edstica","og_description":"Descubre a nuestros profesionales del yoga y mindfulness en Semilla Hol\u00edstica. Clases transformadoras para equilibrar cuerpo y mente.","og_url":"https:\/\/semillaholistica.com\/ca\/nosotros\/","og_site_name":"Semilla Hol\u00edstica","article_modified_time":"2025-11-18T17:22:58+00:00","og_image":[{"width":1963,"height":2548,"url":"https:\/\/semillaholistica.com\/wp-content\/uploads\/2025\/10\/RAB_8141.jpg","type":"image\/jpeg"}],"twitter_card":"summary_large_image","twitter_misc":{"Temps estimat de lectura":"5 minuts"},"schema":{"@context":"https:\/\/schema.org","@graph":[{"@type":"WebPage","@id":"https:\/\/semillaholistica.com\/ca\/nosotros\/","url":"https:\/\/semillaholistica.com\/ca\/nosotros\/","name":"nuestro equipo docente, Semilla Hol\u00edstica","isPartOf":{"@id":"https:\/\/semillaholistica.com\/ca\/#website"},"primaryImageOfPage":{"@id":"https:\/\/semillaholistica.com\/ca\/nosotros\/#primaryimage"},"image":{"@id":"https:\/\/semillaholistica.com\/ca\/nosotros\/#primaryimage"},"thumbnailUrl":"https:\/\/semillaholistica.com\/wp-content\/uploads\/2025\/10\/RAB_8141.jpg","datePublished":"2024-12-03T00:34:00+00:00","dateModified":"2025-11-18T17:22:58+00:00","description":"Descubre a nuestros profesionales del yoga y mindfulness en Semilla Hol\u00edstica. Clases transformadoras para equilibrar cuerpo y mente.","breadcrumb":{"@id":"https:\/\/semillaholistica.com\/ca\/nosotros\/#breadcrumb"},"inLanguage":"ca","potentialAction":[{"@type":"ReadAction","target":["https:\/\/semillaholistica.com\/ca\/nosotros\/"]}]},{"@type":"ImageObject","inLanguage":"ca","@id":"https:\/\/semillaholistica.com\/ca\/nosotros\/#primaryimage","url":"https:\/\/semillaholistica.com\/wp-content\/uploads\/2025\/10\/RAB_8141.jpg","contentUrl":"https:\/\/semillaholistica.com\/wp-content\/uploads\/2025\/10\/RAB_8141.jpg","width":1963,"height":2548},{"@type":"BreadcrumbList","@id":"https:\/\/semillaholistica.com\/ca\/nosotros\/#breadcrumb","itemListElement":[{"@type":"ListItem","position":1,"name":"Portada","item":"https:\/\/semillaholistica.com\/ca\/"},{"@type":"ListItem","position":2,"name":"Nosaltres"}]},{"@type":"WebSite","@id":"https:\/\/semillaholistica.com\/ca\/#website","url":"https:\/\/semillaholistica.com\/ca\/","name":"Semilla Hol\u00edstica","description":"Tu espacio de Yoga, MindfulYoga y Terapias","publisher":{"@id":"https:\/\/semillaholistica.com\/ca\/#organization"},"potentialAction":[{"@type":"SearchAction","target":{"@type":"EntryPoint","urlTemplate":"https:\/\/semillaholistica.com\/ca\/?s={search_term_string}"},"query-input":{"@type":"PropertyValueSpecification","valueRequired":true,"valueName":"search_term_string"}}],"inLanguage":"ca"},{"@type":"Organization","@id":"https:\/\/semillaholistica.com\/ca\/#organization","name":"Semilla Hol\u00edstica","url":"https:\/\/semillaholistica.com\/ca\/","logo":{"@type":"ImageObject","inLanguage":"ca","@id":"https:\/\/semillaholistica.com\/ca\/#\/schema\/logo\/image\/","url":"https:\/\/semillaholistica.com\/wp-content\/uploads\/2024\/12\/Leonardo_Phoenix_Logotipo_moderno_para_empresa_de_yoga_llamada_0.jpg","contentUrl":"https:\/\/semillaholistica.com\/wp-content\/uploads\/2024\/12\/Leonardo_Phoenix_Logotipo_moderno_para_empresa_de_yoga_llamada_0.jpg","width":768,"height":768,"caption":"Semilla Hol\u00edstica"},"image":{"@id":"https:\/\/semillaholistica.com\/ca\/#\/schema\/logo\/image\/"}}]}},"_links":{"self":[{"href":"https:\/\/semillaholistica.com\/ca\/wp-json\/wp\/v2\/pages\/446","targetHints":{"allow":["GET"]}}],"collection":[{"href":"https:\/\/semillaholistica.com\/ca\/wp-json\/wp\/v2\/pages"}],"about":[{"href":"https:\/\/semillaholistica.com\/ca\/wp-json\/wp\/v2\/types\/page"}],"author":[{"embeddable":true,"href":"https:\/\/semillaholistica.com\/ca\/wp-json\/wp\/v2\/users\/2"}],"replies":[{"embeddable":true,"href":"https:\/\/semillaholistica.com\/ca\/wp-json\/wp\/v2\/comments?post=446"}],"version-history":[{"count":53,"href":"https:\/\/semillaholistica.com\/ca\/wp-json\/wp\/v2\/pages\/446\/revisions"}],"predecessor-version":[{"id":5028,"href":"https:\/\/semillaholistica.com\/ca\/wp-json\/wp\/v2\/pages\/446\/revisions\/5028"}],"wp:featuredmedia":[{"embeddable":true,"href":"https:\/\/semillaholistica.com\/ca\/wp-json\/wp\/v2\/media\/4003"}],"wp:attachment":[{"href":"https:\/\/semillaholistica.com\/ca\/wp-json\/wp\/v2\/media?parent=446"}],"curies":[{"name":"wp","href":"https:\/\/api.w.org\/{rel}","templated":true}]}}