{"id":464,"date":"2024-12-03T00:34:00","date_gmt":"2024-12-03T00:34:00","guid":{"rendered":"https:\/\/semillaholistica.com\/nosotros\/"},"modified":"2025-10-28T10:19:16","modified_gmt":"2025-10-28T10:19:16","slug":"nosotros","status":"publish","type":"page","link":"https:\/\/semillaholistica.com\/en\/nosotros\/","title":{"rendered":"Nosotros"},"content":{"rendered":"\n<h1 class=\"wp-block-heading has-text-align-center\">Nuestro equipo<\/h1>\n\n\n\n<div class=\"wp-block-cover is-light\" style=\"padding-right:var(--wp--preset--spacing--70);padding-left:var(--wp--preset--spacing--70)\"><img loading=\"lazy\" decoding=\"async\" width=\"1200\" height=\"822\" class=\"wp-block-cover__image-background wp-image-4008 size-full\" alt=\"\" src=\"https:\/\/semillaholistica.com\/wp-content\/uploads\/2025\/10\/papel-acuarela-fondo-web70.png\" data-object-fit=\"cover\" srcset=\"https:\/\/semillaholistica.com\/wp-content\/uploads\/2025\/10\/papel-acuarela-fondo-web70.png 1200w, https:\/\/semillaholistica.com\/wp-content\/uploads\/2025\/10\/papel-acuarela-fondo-web70-300x206.png 300w\" sizes=\"auto, (max-width: 1200px) 100vw, 1200px\" \/><span aria-hidden=\"true\" class=\"wp-block-cover__background has-white-background-color has-background-dim-30 has-background-dim\"><\/span><div class=\"wp-block-cover__inner-container is-layout-flow wp-block-cover-is-layout-flow\">\n<div class=\"wp-block-media-text is-stacked-on-mobile medios-lino\" style=\"padding-top:var(--wp--preset--spacing--70);padding-right:0;padding-bottom:var(--wp--preset--spacing--70);padding-left:var(--wp--preset--spacing--80);grid-template-columns:35% auto\"><figure class=\"wp-block-media-text__media\"><img loading=\"lazy\" decoding=\"async\" width=\"789\" height=\"1024\" src=\"https:\/\/semillaholistica.com\/wp-content\/uploads\/2025\/10\/RAB_8141-789x1024.jpg\" alt=\"\" class=\"wp-image-4002 size-full\" srcset=\"https:\/\/semillaholistica.com\/wp-content\/uploads\/2025\/10\/RAB_8141-789x1024.jpg 789w, https:\/\/semillaholistica.com\/wp-content\/uploads\/2025\/10\/RAB_8141-231x300.jpg 231w, https:\/\/semillaholistica.com\/wp-content\/uploads\/2025\/10\/RAB_8141-768x997.jpg 768w, https:\/\/semillaholistica.com\/wp-content\/uploads\/2025\/10\/RAB_8141-1183x1536.jpg 1183w, https:\/\/semillaholistica.com\/wp-content\/uploads\/2025\/10\/RAB_8141-1578x2048.jpg 1578w, https:\/\/semillaholistica.com\/wp-content\/uploads\/2025\/10\/RAB_8141-600x779.jpg 600w, https:\/\/semillaholistica.com\/wp-content\/uploads\/2025\/10\/RAB_8141.jpg 1963w\" sizes=\"auto, (max-width: 789px) 100vw, 789px\" \/><\/figure><div class=\"wp-block-media-text__content\">\n<h1 class=\"wp-block-heading\">Irene Carbonell<\/h1>\n\n\n\n<p><em>Licenciada en Bellas Artes como formaci\u00f3n inicial.<\/em><\/p>\n\n\n\n<p><em>Se form\u00f3 como profesora de yoga en el 2013, especializada en distintos estilos: Sivananda (Hatha tradicional), Yoga Prenatal, Yoga Oncol\u00f3gico y MindfulYoga. Complement\u00f3 esta formaci\u00f3n con el M\u00e1ster en Relajaci\u00f3n, Meditaci\u00f3n y Mindfulness (REMIND) en la Universidad de Barcelona.<\/em><\/p>\n\n\n\n<p><em>Actualmente compagina la direcci\u00f3n de Semilla hol\u00edstica, y las clases y talleres que all\u00ed imparte con la docencia de MindfulYoga en el m\u00e1ster de Mindfulness en la Facultad de Medicina y en el Instituto de Formaci\u00f3n Continua (IL3) de la UB, con un enfoque que une la conciencia corporal, la regulaci\u00f3n emocional y la atenci\u00f3n plena.<\/em><\/p>\n<\/div><\/div>\n<\/div><\/div>\n\n\n\n<div class=\"wp-block-cover is-light\" style=\"padding-right:var(--wp--preset--spacing--70);padding-left:var(--wp--preset--spacing--70)\"><img loading=\"lazy\" decoding=\"async\" width=\"1200\" height=\"822\" class=\"wp-block-cover__image-background wp-image-4008 size-full\" alt=\"\" src=\"https:\/\/semillaholistica.com\/wp-content\/uploads\/2025\/10\/papel-acuarela-fondo-web70.png\" data-object-fit=\"cover\" srcset=\"https:\/\/semillaholistica.com\/wp-content\/uploads\/2025\/10\/papel-acuarela-fondo-web70.png 1200w, https:\/\/semillaholistica.com\/wp-content\/uploads\/2025\/10\/papel-acuarela-fondo-web70-300x206.png 300w\" sizes=\"auto, (max-width: 1200px) 100vw, 1200px\" \/><span aria-hidden=\"true\" class=\"wp-block-cover__background has-white-background-color has-background-dim-30 has-background-dim\"><\/span><div class=\"wp-block-cover__inner-container is-layout-flow wp-block-cover-is-layout-flow\">\n<div class=\"wp-block-media-text has-media-on-the-right is-stacked-on-mobile medios-lino\" style=\"padding-top:var(--wp--preset--spacing--70);padding-right:0;padding-bottom:var(--wp--preset--spacing--70);padding-left:var(--wp--preset--spacing--80);grid-template-columns:auto 35%\"><div class=\"wp-block-media-text__content\">\n<h1 class=\"wp-block-heading\">Rochelle Mello<\/h1>\n\n\n\n<p><em>Arquitecta&nbsp;de formaci\u00f3n inicial, tuvo su primer contacto con el Yoga en 2005 y desde 2014 se dedica a la ense\u00f1anza de esta disciplina.&nbsp;<\/em><\/p>\n\n\n\n<p><em>Como eterna alumna sigue tomando clases y talleres y desde 2020 aprendiendo del linaje Iuengar.&nbsp;<\/em><\/p>\n\n\n\n<p><em>En sus clases enfoca el trabajo del cuerpo y de la mente a trav\u00e9s de las asanas. En las pr\u00e1cticas dedica tiempo de permanencia en cada postura, tratando de entenderla, ajustarla, respirarla, sentirla y experimentarla.<\/em><\/p>\n<\/div><figure class=\"wp-block-media-text__media\"><img loading=\"lazy\" decoding=\"async\" width=\"662\" height=\"1024\" src=\"https:\/\/semillaholistica.com\/wp-content\/uploads\/2025\/10\/1000467794-1-662x1024.jpg\" alt=\"\" class=\"wp-image-4523 size-full\" srcset=\"https:\/\/semillaholistica.com\/wp-content\/uploads\/2025\/10\/1000467794-1-662x1024.jpg 662w, https:\/\/semillaholistica.com\/wp-content\/uploads\/2025\/10\/1000467794-1-194x300.jpg 194w, https:\/\/semillaholistica.com\/wp-content\/uploads\/2025\/10\/1000467794-1-768x1188.jpg 768w, https:\/\/semillaholistica.com\/wp-content\/uploads\/2025\/10\/1000467794-1-993x1536.jpg 993w, https:\/\/semillaholistica.com\/wp-content\/uploads\/2025\/10\/1000467794-1-600x928.jpg 600w, https:\/\/semillaholistica.com\/wp-content\/uploads\/2025\/10\/1000467794-1.jpg 1226w\" sizes=\"auto, (max-width: 662px) 100vw, 662px\" \/><\/figure><\/div>\n<\/div><\/div>\n\n\n\n<div class=\"wp-block-cover is-light\" style=\"padding-right:var(--wp--preset--spacing--70);padding-left:var(--wp--preset--spacing--70)\"><img loading=\"lazy\" decoding=\"async\" width=\"1200\" height=\"822\" class=\"wp-block-cover__image-background wp-image-4008 size-full\" alt=\"\" src=\"https:\/\/semillaholistica.com\/wp-content\/uploads\/2025\/10\/papel-acuarela-fondo-web70.png\" data-object-fit=\"cover\" srcset=\"https:\/\/semillaholistica.com\/wp-content\/uploads\/2025\/10\/papel-acuarela-fondo-web70.png 1200w, https:\/\/semillaholistica.com\/wp-content\/uploads\/2025\/10\/papel-acuarela-fondo-web70-300x206.png 300w\" sizes=\"auto, (max-width: 1200px) 100vw, 1200px\" \/><span aria-hidden=\"true\" class=\"wp-block-cover__background has-white-background-color has-background-dim-30 has-background-dim\"><\/span><div class=\"wp-block-cover__inner-container is-layout-flow wp-block-cover-is-layout-flow\">\n<div class=\"wp-block-media-text is-stacked-on-mobile medios-lino\" style=\"padding-top:var(--wp--preset--spacing--70);padding-right:0;padding-bottom:var(--wp--preset--spacing--70);padding-left:var(--wp--preset--spacing--80);grid-template-columns:35% auto\"><figure class=\"wp-block-media-text__media\"><img loading=\"lazy\" decoding=\"async\" width=\"713\" height=\"892\" src=\"https:\/\/semillaholistica.com\/wp-content\/uploads\/2025\/10\/1000467746.jpg\" alt=\"\" class=\"wp-image-4255 size-full\" srcset=\"https:\/\/semillaholistica.com\/wp-content\/uploads\/2025\/10\/1000467746.jpg 713w, https:\/\/semillaholistica.com\/wp-content\/uploads\/2025\/10\/1000467746-240x300.jpg 240w, https:\/\/semillaholistica.com\/wp-content\/uploads\/2025\/10\/1000467746-600x751.jpg 600w\" sizes=\"auto, (max-width: 713px) 100vw, 713px\" \/><\/figure><div class=\"wp-block-media-text__content\">\n<h1 class=\"wp-block-heading\">Javier Salinas<\/h1>\n\n\n\n<p><em>Escritor, editor y profesor de yoga estilos Dharma, Hatha, Vinyasa y Hot Yoga.&nbsp;<\/em><\/p>\n\n\n\n<p><em>A trav\u00e9s del Yoga, la meditaci\u00f3n y el Mindfulness ha encontrado un camino de aprendizaje continuo que comparte con sus alumn@s y lector@s<\/em><\/p>\n\n\n\n<p><em>Le gusta recordar una frase de uno de sus maestros: &#8220;En el Yoga todos somos principiantes y el d\u00eda que se te olvida y te crees un maestro, ese es el d\u00eda en el que te caes.&#8221;<\/em><\/p>\n<\/div><\/div>\n<\/div><\/div>\n\n\n\n<div class=\"wp-block-cover is-light\" style=\"padding-right:var(--wp--preset--spacing--70);padding-left:var(--wp--preset--spacing--70)\"><img loading=\"lazy\" decoding=\"async\" width=\"1200\" height=\"822\" class=\"wp-block-cover__image-background wp-image-4008 size-full\" alt=\"\" src=\"https:\/\/semillaholistica.com\/wp-content\/uploads\/2025\/10\/papel-acuarela-fondo-web70.png\" data-object-fit=\"cover\" srcset=\"https:\/\/semillaholistica.com\/wp-content\/uploads\/2025\/10\/papel-acuarela-fondo-web70.png 1200w, https:\/\/semillaholistica.com\/wp-content\/uploads\/2025\/10\/papel-acuarela-fondo-web70-300x206.png 300w\" sizes=\"auto, (max-width: 1200px) 100vw, 1200px\" \/><span aria-hidden=\"true\" class=\"wp-block-cover__background has-white-background-color has-background-dim-30 has-background-dim\"><\/span><div class=\"wp-block-cover__inner-container is-layout-flow wp-block-cover-is-layout-flow\">\n<div class=\"wp-block-media-text has-media-on-the-right is-stacked-on-mobile medios-lino\" style=\"padding-top:var(--wp--preset--spacing--70);padding-right:0;padding-bottom:var(--wp--preset--spacing--70);padding-left:var(--wp--preset--spacing--80);grid-template-columns:auto 32%\"><div class=\"wp-block-media-text__content\">\n<h1 class=\"wp-block-heading\">Natalia Rodr\u00edguez<\/h1>\n\n\n\n<p><em>Su camino y\u00f3guico empez\u00f3 con sus abuelos, que vivieron en india y le trasmitieron desde ni\u00f1a su experiencia .Luego lleg\u00f3 en inter\u00e9s y el amor por el Ayurveda e innumerables horas de pr\u00e1ctica.  <\/em><\/p>\n\n\n\n<p><em>Posteriormente se form\u00f3 como profesora de Vinyasa y Yin Yoga, en astrolog\u00eda v\u00e9dica y tambi\u00e9n realiza vastu shastra. <\/em><\/p>\n\n\n\n<p><em>Se define como un alma curiosa. <\/em><\/p>\n<\/div><figure class=\"wp-block-media-text__media\"><img loading=\"lazy\" decoding=\"async\" width=\"641\" height=\"886\" src=\"https:\/\/semillaholistica.com\/wp-content\/uploads\/2025\/09\/natalia-web.jpg\" alt=\"\" class=\"wp-image-2262 size-full\" srcset=\"https:\/\/semillaholistica.com\/wp-content\/uploads\/2025\/09\/natalia-web.jpg 641w, https:\/\/semillaholistica.com\/wp-content\/uploads\/2025\/09\/natalia-web-217x300.jpg 217w, https:\/\/semillaholistica.com\/wp-content\/uploads\/2025\/09\/natalia-web-600x829.jpg 600w\" sizes=\"auto, (max-width: 641px) 100vw, 641px\" \/><\/figure><\/div>\n<\/div><\/div>\n\n\n\n<div class=\"wp-block-cover is-light\" style=\"padding-right:var(--wp--preset--spacing--70);padding-left:var(--wp--preset--spacing--70)\"><img loading=\"lazy\" decoding=\"async\" width=\"1200\" height=\"822\" class=\"wp-block-cover__image-background wp-image-4008 size-full\" alt=\"\" src=\"https:\/\/semillaholistica.com\/wp-content\/uploads\/2025\/10\/papel-acuarela-fondo-web70.png\" data-object-fit=\"cover\" srcset=\"https:\/\/semillaholistica.com\/wp-content\/uploads\/2025\/10\/papel-acuarela-fondo-web70.png 1200w, https:\/\/semillaholistica.com\/wp-content\/uploads\/2025\/10\/papel-acuarela-fondo-web70-300x206.png 300w\" sizes=\"auto, (max-width: 1200px) 100vw, 1200px\" \/><span aria-hidden=\"true\" class=\"wp-block-cover__background has-white-background-color has-background-dim-30 has-background-dim\"><\/span><div class=\"wp-block-cover__inner-container is-layout-flow wp-block-cover-is-layout-flow\">\n<div class=\"wp-block-media-text is-stacked-on-mobile medios-lino\" style=\"padding-top:var(--wp--preset--spacing--70);padding-right:0;padding-bottom:var(--wp--preset--spacing--70);padding-left:var(--wp--preset--spacing--80);grid-template-columns:35% auto\"><figure class=\"wp-block-media-text__media\"><img loading=\"lazy\" decoding=\"async\" width=\"818\" height=\"1024\" src=\"https:\/\/semillaholistica.com\/wp-content\/uploads\/2025\/10\/1000467793-1-818x1024.jpg\" alt=\"\" class=\"wp-image-4526 size-full\" srcset=\"https:\/\/semillaholistica.com\/wp-content\/uploads\/2025\/10\/1000467793-1-818x1024.jpg 818w, https:\/\/semillaholistica.com\/wp-content\/uploads\/2025\/10\/1000467793-1-240x300.jpg 240w, https:\/\/semillaholistica.com\/wp-content\/uploads\/2025\/10\/1000467793-1-768x961.jpg 768w, https:\/\/semillaholistica.com\/wp-content\/uploads\/2025\/10\/1000467793-1-600x751.jpg 600w, https:\/\/semillaholistica.com\/wp-content\/uploads\/2025\/10\/1000467793-1.jpg 1005w\" sizes=\"auto, (max-width: 818px) 100vw, 818px\" \/><\/figure><div class=\"wp-block-media-text__content\">\n<h1 class=\"wp-block-heading\">Alessia Laudoni<\/h1>\n\n\n\n<p><em>Se acerc\u00f3 al yoga desde el mundo de la fotograf\u00eda, donde aprendi\u00f3 a observar desde el coraz\u00f3n y a sentir lo que sucede m\u00e1s all\u00e1 de las formas.<\/em><\/p>\n\n\n\n<p><em>En sus clases de&nbsp;Yin Yoga, propone una pausa real: un espacio donde quedarse, soltar, sentir y ser.&nbsp;<\/em><\/p>\n\n\n\n<p><em>A trav\u00e9s del silencio y la quietud, invita a explorar lo sutil con curiosidad y suavidad, permitiendo que el cuerpo y la energ\u00eda se expresen sin forzar.<\/em><\/p>\n\n\n\n<p><em>Formada en el&nbsp;linaje del Himalaya, con estudios en&nbsp;Tantric Hatha Yoga,&nbsp;Yoga Nidra&nbsp;y&nbsp;Somatic Competence Yoga, comparte el yoga como un camino de reconexi\u00f3n con la energ\u00eda vital, la escucha interna y el descanso que recarga<\/em>.<\/p>\n<\/div><\/div>\n<\/div><\/div>\n\n\n\n<div class=\"wp-block-cover aligncenter is-light\" style=\"padding-top:var(--wp--preset--spacing--70);padding-bottom:var(--wp--preset--spacing--50);box-shadow:none;min-height:50px;aspect-ratio:unset;\"><img loading=\"lazy\" decoding=\"async\" width=\"1200\" height=\"822\" class=\"wp-block-cover__image-background wp-image-4008 size-full\" alt=\"\" src=\"https:\/\/semillaholistica.com\/wp-content\/uploads\/2025\/10\/papel-acuarela-fondo-web70.png\" data-object-fit=\"cover\" srcset=\"https:\/\/semillaholistica.com\/wp-content\/uploads\/2025\/10\/papel-acuarela-fondo-web70.png 1200w, https:\/\/semillaholistica.com\/wp-content\/uploads\/2025\/10\/papel-acuarela-fondo-web70-300x206.png 300w\" sizes=\"auto, (max-width: 1200px) 100vw, 1200px\" \/><span aria-hidden=\"true\" class=\"wp-block-cover__background has-white-background-color has-background-dim-30 has-background-dim\"><\/span><div class=\"wp-block-cover__inner-container is-layout-constrained wp-block-cover-is-layout-constrained\">\n<div class=\"wp-block-columns is-layout-flex wp-container-core-columns-is-layout-9d6595d7 wp-block-columns-is-layout-flex\">\n<div class=\"wp-block-column is-layout-flow wp-block-column-is-layout-flow\">\n<h2 class=\"wp-block-heading has-green-700-color has-text-color has-link-color wp-elements-5494bdf64394bb536a0484205edc606a\">Descubre nuestras clases<\/h2>\n<\/div>\n\n\n\n<div class=\"wp-block-column is-layout-flow wp-block-column-is-layout-flow\">\n<p><em>Sum\u00e9rgete en la paz interior con nuestras clases de yoga y mindfulyoga, dise\u00f1adas para equilibrar tu cuerpo y mente. \u00a1Vive la experiencia transformadora hoy mismo!<\/em><\/p>\n<\/div>\n\n\n\n<div class=\"wp-block-column is-layout-flow wp-block-column-is-layout-flow\">\n<a href=\"https:\/\/tuenlace.com\" class=\"boton-personalizado\" target=\"_blank\" rel=\"noopener\">Descubre nuestras Clases<\/a>\n<\/div>\n<\/div>\n<\/div><\/div>\n\n\n<section class=\"maps_2_1 background-1-light\" id=\"maps-2-1\" data-block-id=\"6a051d98b7d2e6a051d98b7d2f\">\r\n\r\n                        <iframe src=\"https:\/\/www.google.com\/maps\/embed?pb=!1m18!1m12!1m3!1d268.51223514312744!2d2.1380425930308995!3d41.406971149945036!2m3!1f0!2f0!3f0!3m2!1i1024!2i768!4f13.1!3m3!1m2!1s0x12a4980e84492dbf%3A0xcfe5821e253e77f8!2sCarrer%20de%20Buscarons%2C%207%2C%20Sarri%C3%A0-Sant%20Gervasi%2C%2008022%20Barcelona!5e0!3m2!1sen!2ses!4v1761646661546!5m2!1sen!2ses\" width=\"600\" height=\"450\" style=\"border:0;\" allowfullscreen=\"\" loading=\"lazy\" referrerpolicy=\"no-referrer-when-downgrade\"><\/iframe>            <\/section>\r\n<style>\r\n    .maps_2_1 iframe {\r\n        width: 100%;\r\n        height: 490px;\r\n    }\r\n\r\n    .maps_2_1 {\r\n        padding: 81px 0;\r\n        position: relative;\r\n        z-index: 1;\r\n    }\r\n\r\n    @media (max-width:992px) {\r\n        .maps_2_1 iframe {\r\n            height: 350px;\r\n        }\r\n\r\n        .maps_2_1 {\r\n            padding: 40px 0;\r\n        }\r\n    }\r\n\r\n    .maps_2_1 img.capture {\r\n        width: 100%;\r\n    }\r\n\r\n    .maps_2_1 #maps_2_1 {\r\n        width: 100%;\r\n        height: 490px;\r\n    }\r\n\r\n    .maps_2_1 #maps_2_1 .leaflet-popup-content {\r\n\r\n        font-size: var(--tamano7-font-size);\r\n        font-weight: var(--tamano7-font-weight);\r\n        line-height: var(--tamano7-line-height);\r\n        letter-spacing: var(--tamano7-letter-spacing);\r\n        font-family: var(--tamano7-font-family);\r\n    }\r\n<\/style>\r\n","protected":false},"excerpt":{"rendered":"<p>Nuestro equipo<\/p>\n","protected":false},"author":2,"featured_media":4004,"parent":0,"menu_order":0,"comment_status":"open","ping_status":"closed","template":"","meta":{"_acf_changed":false,"iawp_total_views":25,"footnotes":""},"class_list":["post-464","page","type-page","status-publish","has-post-thumbnail","hentry"],"acf":[],"yoast_head":"<!-- This site is optimized with the Yoast SEO plugin v27.6 - https:\/\/yoast.com\/product\/yoast-seo-wordpress\/ -->\n<title>nuestro equipo docente, Semilla Hol\u00edstica<\/title>\n<meta name=\"description\" content=\"Descubre a nuestros profesionales del yoga y mindfulness en Semilla Hol\u00edstica. Clases transformadoras para equilibrar cuerpo y mente.\" \/>\n<meta name=\"robots\" content=\"index, follow, max-snippet:-1, max-image-preview:large, max-video-preview:-1\" \/>\n<link rel=\"canonical\" href=\"https:\/\/semillaholistica.com\/en\/nosotros\/\" \/>\n<meta property=\"og:locale\" content=\"en_US\" \/>\n<meta property=\"og:type\" content=\"article\" \/>\n<meta property=\"og:title\" content=\"nuestro equipo docente, Semilla Hol\u00edstica\" \/>\n<meta property=\"og:description\" content=\"Descubre a nuestros profesionales del yoga y mindfulness en Semilla Hol\u00edstica. Clases transformadoras para equilibrar cuerpo y mente.\" \/>\n<meta property=\"og:url\" content=\"https:\/\/semillaholistica.com\/en\/nosotros\/\" \/>\n<meta property=\"og:site_name\" content=\"Semilla Hol\u00edstica\" \/>\n<meta property=\"article:modified_time\" content=\"2025-10-28T10:19:16+00:00\" \/>\n<meta property=\"og:image\" content=\"https:\/\/semillaholistica.com\/wp-content\/uploads\/2025\/10\/RAB_8141.jpg\" \/>\n\t<meta property=\"og:image:width\" content=\"1963\" \/>\n\t<meta property=\"og:image:height\" content=\"2548\" \/>\n\t<meta property=\"og:image:type\" content=\"image\/jpeg\" \/>\n<meta name=\"twitter:card\" content=\"summary_large_image\" \/>\n<meta name=\"twitter:label1\" content=\"Est. reading time\" \/>\n\t<meta name=\"twitter:data1\" content=\"3 minutes\" \/>\n<!-- \/ Yoast SEO plugin. -->","yoast_head_json":{"title":"nuestro equipo docente, Semilla Hol\u00edstica","description":"Descubre a nuestros profesionales del yoga y mindfulness en Semilla Hol\u00edstica. Clases transformadoras para equilibrar cuerpo y mente.","robots":{"index":"index","follow":"follow","max-snippet":"max-snippet:-1","max-image-preview":"max-image-preview:large","max-video-preview":"max-video-preview:-1"},"canonical":"https:\/\/semillaholistica.com\/en\/nosotros\/","og_locale":"en_US","og_type":"article","og_title":"nuestro equipo docente, Semilla Hol\u00edstica","og_description":"Descubre a nuestros profesionales del yoga y mindfulness en Semilla Hol\u00edstica. Clases transformadoras para equilibrar cuerpo y mente.","og_url":"https:\/\/semillaholistica.com\/en\/nosotros\/","og_site_name":"Semilla Hol\u00edstica","article_modified_time":"2025-10-28T10:19:16+00:00","og_image":[{"width":1963,"height":2548,"url":"https:\/\/semillaholistica.com\/wp-content\/uploads\/2025\/10\/RAB_8141.jpg","type":"image\/jpeg"}],"twitter_card":"summary_large_image","twitter_misc":{"Est. reading time":"3 minutes"},"schema":{"@context":"https:\/\/schema.org","@graph":[{"@type":"WebPage","@id":"https:\/\/semillaholistica.com\/en\/nosotros\/","url":"https:\/\/semillaholistica.com\/en\/nosotros\/","name":"nuestro equipo docente, Semilla Hol\u00edstica","isPartOf":{"@id":"https:\/\/semillaholistica.com\/en\/#website"},"primaryImageOfPage":{"@id":"https:\/\/semillaholistica.com\/en\/nosotros\/#primaryimage"},"image":{"@id":"https:\/\/semillaholistica.com\/en\/nosotros\/#primaryimage"},"thumbnailUrl":"https:\/\/semillaholistica.com\/wp-content\/uploads\/2025\/10\/RAB_8141.jpg","datePublished":"2024-12-03T00:34:00+00:00","dateModified":"2025-10-28T10:19:16+00:00","description":"Descubre a nuestros profesionales del yoga y mindfulness en Semilla Hol\u00edstica. Clases transformadoras para equilibrar cuerpo y mente.","breadcrumb":{"@id":"https:\/\/semillaholistica.com\/en\/nosotros\/#breadcrumb"},"inLanguage":"en-US","potentialAction":[{"@type":"ReadAction","target":["https:\/\/semillaholistica.com\/en\/nosotros\/"]}]},{"@type":"ImageObject","inLanguage":"en-US","@id":"https:\/\/semillaholistica.com\/en\/nosotros\/#primaryimage","url":"https:\/\/semillaholistica.com\/wp-content\/uploads\/2025\/10\/RAB_8141.jpg","contentUrl":"https:\/\/semillaholistica.com\/wp-content\/uploads\/2025\/10\/RAB_8141.jpg","width":1963,"height":2548},{"@type":"BreadcrumbList","@id":"https:\/\/semillaholistica.com\/en\/nosotros\/#breadcrumb","itemListElement":[{"@type":"ListItem","position":1,"name":"Portada","item":"https:\/\/semillaholistica.com\/en\/"},{"@type":"ListItem","position":2,"name":"Nosotros"}]},{"@type":"WebSite","@id":"https:\/\/semillaholistica.com\/en\/#website","url":"https:\/\/semillaholistica.com\/en\/","name":"Semilla Hol\u00edstica","description":"Tu espacio de Yoga, MindfulYoga y Terapias","publisher":{"@id":"https:\/\/semillaholistica.com\/en\/#organization"},"potentialAction":[{"@type":"SearchAction","target":{"@type":"EntryPoint","urlTemplate":"https:\/\/semillaholistica.com\/en\/?s={search_term_string}"},"query-input":{"@type":"PropertyValueSpecification","valueRequired":true,"valueName":"search_term_string"}}],"inLanguage":"en-US"},{"@type":"Organization","@id":"https:\/\/semillaholistica.com\/en\/#organization","name":"Semilla Hol\u00edstica","url":"https:\/\/semillaholistica.com\/en\/","logo":{"@type":"ImageObject","inLanguage":"en-US","@id":"https:\/\/semillaholistica.com\/en\/#\/schema\/logo\/image\/","url":"https:\/\/semillaholistica.com\/wp-content\/uploads\/2024\/12\/Leonardo_Phoenix_Logotipo_moderno_para_empresa_de_yoga_llamada_0.jpg","contentUrl":"https:\/\/semillaholistica.com\/wp-content\/uploads\/2024\/12\/Leonardo_Phoenix_Logotipo_moderno_para_empresa_de_yoga_llamada_0.jpg","width":768,"height":768,"caption":"Semilla Hol\u00edstica"},"image":{"@id":"https:\/\/semillaholistica.com\/en\/#\/schema\/logo\/image\/"}}]}},"_links":{"self":[{"href":"https:\/\/semillaholistica.com\/en\/wp-json\/wp\/v2\/pages\/464","targetHints":{"allow":["GET"]}}],"collection":[{"href":"https:\/\/semillaholistica.com\/en\/wp-json\/wp\/v2\/pages"}],"about":[{"href":"https:\/\/semillaholistica.com\/en\/wp-json\/wp\/v2\/types\/page"}],"author":[{"embeddable":true,"href":"https:\/\/semillaholistica.com\/en\/wp-json\/wp\/v2\/users\/2"}],"replies":[{"embeddable":true,"href":"https:\/\/semillaholistica.com\/en\/wp-json\/wp\/v2\/comments?post=464"}],"version-history":[{"count":43,"href":"https:\/\/semillaholistica.com\/en\/wp-json\/wp\/v2\/pages\/464\/revisions"}],"predecessor-version":[{"id":4644,"href":"https:\/\/semillaholistica.com\/en\/wp-json\/wp\/v2\/pages\/464\/revisions\/4644"}],"wp:featuredmedia":[{"embeddable":true,"href":"https:\/\/semillaholistica.com\/en\/wp-json\/wp\/v2\/media\/4004"}],"wp:attachment":[{"href":"https:\/\/semillaholistica.com\/en\/wp-json\/wp\/v2\/media?parent=464"}],"curies":[{"name":"wp","href":"https:\/\/api.w.org\/{rel}","templated":true}]}}